{"id":280,"date":"2014-07-23T15:44:27","date_gmt":"2014-07-23T13:44:27","guid":{"rendered":"http:\/\/tssystems-online.com\/?page_id=280"},"modified":"2017-03-01T22:36:06","modified_gmt":"2017-03-01T21:36:06","slug":"moisture-control","status":"publish","type":"page","link":"http:\/\/tssystems-online.com\/en\/moisture-control\/","title":{"rendered":"Moisture Control: ATMoS"},"content":{"rendered":"<h4><em><strong>Aging factor n\u00b0 1: Moisture<\/strong><\/em><\/h4>\n<p>The water content of the insulation system of oil-paper insulated transformers directly\u00a0effects\u00a0the transformers&#8217;s\u00a0dielectric strength and with this,\u00a0operational safety and lifetime.<\/p>\n<p>Moisture in the insulation system is\u00a0generated during the normal aging process &#8211; the\u00a0long chained carbon molecules in the oil transform,\u00a0H<sub>2<\/sub>O is released as\u00a0decomposition product. Besides, the moisture content increases by damp permeation\u00a0during maintenance or through tiniest leaks. The higher the moisture content in the oil, the faster the decomposition process of the cardboard and paper insulation: The risk of silting also increases by a rising moisture content and effects the dielectric strength, as well.<\/p>\n\n<h4><em><strong>The drying of the insulation system and maintenance of this dry state directly effect your power\u00a0transformer&#8217;s operational safety and lifetime!<\/strong><\/em><\/h4>\n<p>Our online drying and filter system ATMoS is a highly efficient, material saving and profitable way to dry your transformer&#8217;s insulating system and: To keep this dry state. The ATMoS is installed directly to your transformer or in close vicinity and permanently absorbs the moisture from the oil. A moisture disequilibrium\u00a0in the insulating system is generated. The moisture in the solid insulation diffuses into the drier oil from where it is removed by the molecular sieves of our system. Until the target value is reached, the disequilibrium constantly remains and moisture\u00a0is permanently\u00a0removed. We carry out this process during normal operation of your transformer, no shutdown\u00a0or even disassemlby is required.\u00a0This drying method means considerably less stress for\u00a0your transformers than the common high temperature procedures; Additional particle filters\u00a0remove suspended particles to avoid sludge and, too, \u00a0increase the dielectric strength.<\/p>\n<h4><em><strong>Dry and clean your transformer&#8217;s insulation system with<\/strong> <\/em><\/h4>\n<p><strong><em>\u00a0\u00a0\u00a0<\/em><\/strong><img loading=\"lazy\" class=\"wp-image-595 size-full aligncenter\" src=\"http:\/\/tssystems-online.com\/wp-content\/uploads\/2014\/07\/ATMoSL01-Leistungstransformator-\u00d6l-Trocknen-Feuchtigkeitsmanagement-Werterhaltung-Verm\u00f6gensverwaltung-Zustandsbewertung-Lebensverl\u00e4ngerung-Papier-Isolierung-Zellulose.png\" alt=\"Leistungstransformator, \u00d6l Trocknen, Feuchtigkeitsmanagement, Werterhaltung, Verm\u00f6gensverwaltung, Zustandsbewertung, Lebensverl\u00e4ngerung, Papier, Isolierung, Zellulose\" width=\"300\" height=\"79\" \/><\/p>\n<div id=\"attachment_879\" style=\"width: 1180px\" class=\"wp-caption aligncenter\"><a href=\"http:\/\/tssystems-online.com\/wp-content\/uploads\/Atmos-Kuwait-Leistungstransformator-\u00d6l-Trocknen-Feuchtigkeitsmanagement-Lebensverl\u00e4ngerung-Papier-Zellulose3.jpg\"><img aria-describedby=\"caption-attachment-879\" loading=\"lazy\" class=\"size-full wp-image-879\" src=\"http:\/\/tssystems-online.com\/wp-content\/uploads\/Atmos-Kuwait-Leistungstransformator-\u00d6l-Trocknen-Feuchtigkeitsmanagement-Lebensverl\u00e4ngerung-Papier-Zellulose3.jpg\" alt=\"ATMoS in service, safety relevant details\" width=\"1170\" height=\"351\" srcset=\"http:\/\/tssystems-online.com\/wp-content\/uploads\/Atmos-Kuwait-Leistungstransformator-\u00d6l-Trocknen-Feuchtigkeitsmanagement-Lebensverl\u00e4ngerung-Papier-Zellulose3.jpg 1170w, http:\/\/tssystems-online.com\/wp-content\/uploads\/Atmos-Kuwait-Leistungstransformator-\u00d6l-Trocknen-Feuchtigkeitsmanagement-Lebensverl\u00e4ngerung-Papier-Zellulose3-300x90.jpg 300w, http:\/\/tssystems-online.com\/wp-content\/uploads\/Atmos-Kuwait-Leistungstransformator-\u00d6l-Trocknen-Feuchtigkeitsmanagement-Lebensverl\u00e4ngerung-Papier-Zellulose3-1024x307.jpg 1024w\" sizes=\"(max-width: 1170px) 100vw, 1170px\" \/><\/a><p id=\"caption-attachment-879\" class=\"wp-caption-text\">ATMoS in service, safety relevant details<\/p><\/div>\n<p>&nbsp;<\/p>\n<p>Go to <a title=\"Scope Of Application\" href=\"http:\/\/tssystems-online.com\/en\/scope-of-application\/\">Scope of Application<\/a><\/p>\n<p>Go to\u00a0<a title=\"Technics\" href=\"http:\/\/tssystems-online.com\/en\/technics\/\">Technics\u00a0<\/a><\/p>\n<p>Go to\u00a0<a title=\"Features\" href=\"http:\/\/tssystems-online.com\/en\/features\/\">Features<\/a><\/p>\n<p>&nbsp;<\/p>\n<p>I want to learn more and<\/p>\n<p><a href=\"http:\/\/tssystems-online.com\/en\/contact\/\"><img loading=\"lazy\" class=\"alignnone wp-image-1017\" src=\"http:\/\/tssystems-online.com\/wp-content\/uploads\/2014\/07\/Button-get-in-contact.jpg\" alt=\"Button get in contact\" width=\"160\" height=\"62\" srcset=\"http:\/\/tssystems-online.com\/wp-content\/uploads\/2014\/07\/Button-get-in-contact.jpg 735w, http:\/\/tssystems-online.com\/wp-content\/uploads\/2014\/07\/Button-get-in-contact-300x116.jpg 300w\" sizes=\"(max-width: 160px) 100vw, 160px\" \/><\/a><\/p>\n","protected":false},"excerpt":{"rendered":"<p>Aging factor n\u00b0 1: Moisture The water content of the insulation system of oil-paper insulated transformers directly\u00a0effects\u00a0the transformers&#8217;s\u00a0dielectric strength and with this,\u00a0operational safety and lifetime. Moisture in the insulation system is\u00a0generated during the normal aging process &#8211; the\u00a0long chained carbon molecules in the oil transform,\u00a0H2O is released as\u00a0decomposition product. Besides, the moisture content increases by<\/p>\n<p class=\"more-link\"><a href=\"http:\/\/tssystems-online.com\/en\/moisture-control\/\" class=\"themebutton2\">Read More<\/a><\/p>\n","protected":false},"author":2,"featured_media":0,"parent":0,"menu_order":0,"comment_status":"closed","ping_status":"closed","template":"","meta":[],"categories":[],"tags":[],"aioseo_notices":[],"_links":{"self":[{"href":"http:\/\/tssystems-online.com\/en\/wp-json\/wp\/v2\/pages\/280"}],"collection":[{"href":"http:\/\/tssystems-online.com\/en\/wp-json\/wp\/v2\/pages"}],"about":[{"href":"http:\/\/tssystems-online.com\/en\/wp-json\/wp\/v2\/types\/page"}],"author":[{"embeddable":true,"href":"http:\/\/tssystems-online.com\/en\/wp-json\/wp\/v2\/users\/2"}],"replies":[{"embeddable":true,"href":"http:\/\/tssystems-online.com\/en\/wp-json\/wp\/v2\/comments?post=280"}],"version-history":[{"count":25,"href":"http:\/\/tssystems-online.com\/en\/wp-json\/wp\/v2\/pages\/280\/revisions"}],"predecessor-version":[{"id":560,"href":"http:\/\/tssystems-online.com\/en\/wp-json\/wp\/v2\/pages\/280\/revisions\/560"}],"wp:attachment":[{"href":"http:\/\/tssystems-online.com\/en\/wp-json\/wp\/v2\/media?parent=280"}],"wp:term":[{"taxonomy":"category","embeddable":true,"href":"http:\/\/tssystems-online.com\/en\/wp-json\/wp\/v2\/categories?post=280"},{"taxonomy":"post_tag","embeddable":true,"href":"http:\/\/tssystems-online.com\/en\/wp-json\/wp\/v2\/tags?post=280"}],"curies":[{"name":"wp","href":"https:\/\/api.w.org\/{rel}","templated":true}]}}