{"id":678,"date":"2015-04-28T09:50:30","date_gmt":"2015-04-28T07:50:30","guid":{"rendered":"http:\/\/tssystems-online.com\/?page_id=678"},"modified":"2015-04-28T09:56:24","modified_gmt":"2015-04-28T07:56:24","slug":"impressum-2","status":"publish","type":"page","link":"http:\/\/tssystems-online.com\/en\/impressum-2\/","title":{"rendered":"Impressum"},"content":{"rendered":"<div id=\"main-wrap\">\n<div id=\"site-content\">\n<article id=\"post-6\" class=\"post-6 page type-page status-publish hentry\">\n<div class=\"entry-content clearfix\">\n<div>\n<p>TSSystems Limited<br \/>\n69 Great Hampton Street<br \/>\nUK-B18 6EW Birmingham<br \/>\nCo. 08917727<br \/>\nRegistered in England and Wales<\/p>\n<p>Zweigniederlassung<br \/>\nTSSystems Ltd.<br \/>\nBr\u00fcsseler Str. 5<br \/>\n65552 Limburg<br \/>\nGesch\u00e4ftsf\u00fchrer: Ulrich Bendel<\/p>\n<p>Contact in Germany:<\/p>\n<p>Tel.: +49 (0) 6436 &#8211; 87249<\/p>\n<p>Fax: +49 (0) 6436 &#8211; 285179<\/p>\n<p>Mail: info(at)tssystems-online.com<\/p>\n<\/div>\n<\/div>\n<\/article>\n<\/div>\n<\/div>\n","protected":false},"excerpt":{"rendered":"<p>TSSystems Limited 69 Great Hampton Street UK-B18 6EW Birmingham Co. 08917727 Registered in England and Wales Zweigniederlassung TSSystems Ltd. Br\u00fcsseler Str. 5 65552 Limburg Gesch\u00e4ftsf\u00fchrer: Ulrich Bendel Contact in Germany: Tel.: +49 (0) 6436 &#8211; 87249 Fax: +49 (0) 6436 &#8211; 285179 Mail: info(at)tssystems-online.com<\/p>\n","protected":false},"author":1,"featured_media":0,"parent":0,"menu_order":0,"comment_status":"closed","ping_status":"closed","template":"","meta":[],"categories":[4],"tags":[],"aioseo_notices":[],"_links":{"self":[{"href":"http:\/\/tssystems-online.com\/en\/wp-json\/wp\/v2\/pages\/678"}],"collection":[{"href":"http:\/\/tssystems-online.com\/en\/wp-json\/wp\/v2\/pages"}],"about":[{"href":"http:\/\/tssystems-online.com\/en\/wp-json\/wp\/v2\/types\/page"}],"author":[{"embeddable":true,"href":"http:\/\/tssystems-online.com\/en\/wp-json\/wp\/v2\/users\/1"}],"replies":[{"embeddable":true,"href":"http:\/\/tssystems-online.com\/en\/wp-json\/wp\/v2\/comments?post=678"}],"version-history":[{"count":4,"href":"http:\/\/tssystems-online.com\/en\/wp-json\/wp\/v2\/pages\/678\/revisions"}],"predecessor-version":[{"id":684,"href":"http:\/\/tssystems-online.com\/en\/wp-json\/wp\/v2\/pages\/678\/revisions\/684"}],"wp:attachment":[{"href":"http:\/\/tssystems-online.com\/en\/wp-json\/wp\/v2\/media?parent=678"}],"wp:term":[{"taxonomy":"category","embeddable":true,"href":"http:\/\/tssystems-online.com\/en\/wp-json\/wp\/v2\/categories?post=678"},{"taxonomy":"post_tag","embeddable":true,"href":"http:\/\/tssystems-online.com\/en\/wp-json\/wp\/v2\/tags?post=678"}],"curies":[{"name":"wp","href":"https:\/\/api.w.org\/{rel}","templated":true}]}}