{"id":968,"date":"2016-06-16T18:18:21","date_gmt":"2016-06-16T16:18:21","guid":{"rendered":"http:\/\/tssystems-online.com\/?page_id=968"},"modified":"2017-02-23T11:30:06","modified_gmt":"2017-02-23T10:30:06","slug":"downloads-2","status":"publish","type":"page","link":"http:\/\/tssystems-online.com\/en\/downloads-2\/","title":{"rendered":"Downloads"},"content":{"rendered":"<p>Welcome to our download page!<\/p>\n<p>Underneath, you&#8217;ll find the different versions of the ATMoS leaflet, following our partner&#8217;s brochures and leaflets.<\/p>\n<p>Please come back to us for more information!<\/p>\n<p>&nbsp;<\/p>\n<p><a href=\"http:\/\/tssystems-online.com\/wp-content\/uploads\/2014\/09\/ATMoS_flyer_Cover_d.png\"><img loading=\"lazy\" class=\" wp-image-403 alignleft\" src=\"http:\/\/tssystems-online.com\/wp-content\/uploads\/2014\/09\/ATMoS_flyer_Cover_d.png\" alt=\"&gt; Leistungstransformator \u00d6l Trocknen Feuchtigkeitsmanagement Werterhaltung Verm\u00f6gensverwaltung Zustandsbewertung Lebensverl\u00e4ngerung Papier Isolierung Zellulose\" width=\"161\" height=\"224\" srcset=\"http:\/\/tssystems-online.com\/wp-content\/uploads\/2014\/09\/ATMoS_flyer_Cover_d.png 614w, http:\/\/tssystems-online.com\/wp-content\/uploads\/2014\/09\/ATMoS_flyer_Cover_d-215x300.png 215w\" sizes=\"(max-width: 161px) 100vw, 161px\" \/><\/a><\/p>\n<p><a href=\"http:\/\/tssystems-online.com\/wp-content\/uploads\/2016\/06\/2016_09_E_A4_web-1.pdf\" target=\"_blank\">\u00a0\u00a0\u00a0 Atmos Leaflet English<\/a><\/p>\n<p><a href=\"http:\/\/tssystems-online.com\/wp-content\/uploads\/2016\/06\/2016_09_D_E_A4_web_TSS-1.pdf\" target=\"_blank\">\u00a0\u00a0\u00a0 Atmos Leaflet Deutsch &#8211; English<\/a><\/p>\n<p><a href=\"http:\/\/tssystems-online.com\/wp-content\/uploads\/2016\/06\/2016_09_Fr_E_A4_web-1.pdf\" target=\"_blank\">\u00a0\u00a0\u00a0 Atmos Leaflet Francais &#8211; English<\/a><\/p>\n<p><a href=\"http:\/\/tssystems-online.com\/wp-content\/uploads\/2016\/06\/2016_09_Span_E_A4_web-1.pdf\" target=\"_blank\">\u00a0\u00a0\u00a0 Atmos Leaflet Espanol &#8211; English<\/a><\/p>\n<p><a href=\"http:\/\/tssystems-online.com\/wp-content\/uploads\/2016\/06\/2016_09_Port_E_A4_web-1.pdf\" target=\"_blank\">\u00a0\u00a0\u00a0 Atmos Leaflet Portugues &#8211; English<\/a><\/p>\n<p>&nbsp;<\/p>\n","protected":false},"excerpt":{"rendered":"<p>Welcome to our download page! Underneath, you&#8217;ll find the different versions of the ATMoS leaflet, following our partner&#8217;s brochures and leaflets. Please come back to us for more information! &nbsp; \u00a0\u00a0\u00a0 Atmos Leaflet English \u00a0\u00a0\u00a0 Atmos Leaflet Deutsch &#8211; English \u00a0\u00a0\u00a0 Atmos Leaflet Francais &#8211; English \u00a0\u00a0\u00a0 Atmos Leaflet Espanol &#8211; English \u00a0\u00a0\u00a0 Atmos Leaflet<\/p>\n<p class=\"more-link\"><a href=\"http:\/\/tssystems-online.com\/en\/downloads-2\/\" class=\"themebutton2\">Read More<\/a><\/p>\n","protected":false},"author":2,"featured_media":0,"parent":0,"menu_order":0,"comment_status":"closed","ping_status":"closed","template":"","meta":[],"categories":[],"tags":[],"aioseo_notices":[],"_links":{"self":[{"href":"http:\/\/tssystems-online.com\/en\/wp-json\/wp\/v2\/pages\/968"}],"collection":[{"href":"http:\/\/tssystems-online.com\/en\/wp-json\/wp\/v2\/pages"}],"about":[{"href":"http:\/\/tssystems-online.com\/en\/wp-json\/wp\/v2\/types\/page"}],"author":[{"embeddable":true,"href":"http:\/\/tssystems-online.com\/en\/wp-json\/wp\/v2\/users\/2"}],"replies":[{"embeddable":true,"href":"http:\/\/tssystems-online.com\/en\/wp-json\/wp\/v2\/comments?post=968"}],"version-history":[{"count":9,"href":"http:\/\/tssystems-online.com\/en\/wp-json\/wp\/v2\/pages\/968\/revisions"}],"predecessor-version":[{"id":1056,"href":"http:\/\/tssystems-online.com\/en\/wp-json\/wp\/v2\/pages\/968\/revisions\/1056"}],"wp:attachment":[{"href":"http:\/\/tssystems-online.com\/en\/wp-json\/wp\/v2\/media?parent=968"}],"wp:term":[{"taxonomy":"category","embeddable":true,"href":"http:\/\/tssystems-online.com\/en\/wp-json\/wp\/v2\/categories?post=968"},{"taxonomy":"post_tag","embeddable":true,"href":"http:\/\/tssystems-online.com\/en\/wp-json\/wp\/v2\/tags?post=968"}],"curies":[{"name":"wp","href":"https:\/\/api.w.org\/{rel}","templated":true}]}}